{"id":2552,"date":"2018-09-13T15:00:20","date_gmt":"2018-09-13T13:00:20","guid":{"rendered":"https:\/\/fastforwardscience.de\/?page_id=2552"},"modified":"2018-09-25T17:01:45","modified_gmt":"2018-09-25T15:01:45","slug":"gewinnspiel","status":"publish","type":"page","link":"https:\/\/fastforwardscience.de\/en\/gewinnspiel\/","title":{"rendered":"Gewinnspiel"},"content":{"rendered":"<!DOCTYPE html PUBLIC \"-\/\/W3C\/\/DTD HTML 4.0 Transitional\/\/EN\" \"http:\/\/www.w3.org\/TR\/REC-html40\/loose.dtd\">\n<?xml encoding=\"utf-8\" ?><html><body><p>Die Welt mit anderen Augen sehen. Darum geht es bei Wissenschaftsvideos im Netz und dazu passt auch der Preis in unserem Gewinnspiel: drei VR ONE Plus Brillen mit Multischale von ZEISS.<\/p>\n<p>Vom 14. September bis zum 14. Oktober stellen wir euch in unserem Online-Voting um die <a href=\"https:\/\/fastforwardscience.de\/wettbewerb\/kategorien-preise\/#community-awards-\">Community Awards<\/a> Montag bis Freitag ein anderes Finalistenvideo vor. Zu jedem Video stellen wir euch eine Frage &ndash; beantwortet ihr mindestens eine unserer Gewinnspielfragen richtig und schickt uns die Antwort per Mail an <a href=\"mailto:onlinevoting-ffs@w-i-d.de\">onlinevoting-ffs@w-i-d.de<\/a>, werdet ihr mit etwas Gl&uuml;ck ausgelost und gewinnt eine von drei VR One Plus Brillen!<\/p>\n<p><strong>Teilnahmeschluss:<\/strong> 14. Oktober (23:59 Uhr). Die ausf&uuml;hrlichen Teilnahmebedingungen findet ihr unten.<\/p>\n<p><strong>Der Preis:<\/strong> Die VR ONE Plus Brille unseres Sponsors ZEISS sieht nicht nur schick aus, sie ist auch mit qualitativ hochwertigen ZEISS-Linsen ausgestattet. F&uuml;r das Sensoring wird die Technologie des eingeschobenen Smartphones verwendet. Kompatibel ist die VR ONE Plus mit Displaygr&ouml;&szlig;en von 4,7 bis 5,5 Zoll. L&uuml;ftungsschlitze verhindern, dass das Display von innen beschl&auml;gt und Brillentr&auml;ger k&ouml;nnen bei der Benutzung sogar ihre Brille aufbehalten.<\/p>\n<p>Wir w&uuml;nschen allen Teilnehmenden viel Gl&uuml;ck und vor allem viel Freude an den Finalisten-Videos!<\/p>\n<p><a href=\"https:\/\/fastforwardscience.de\/wp-content\/uploads\/2018\/09\/vroneplus.MITCredit.jpg\"><img loading=\"lazy\" decoding=\"async\" class=\"alignleft wp-image-2710 size-full\" src=\"https:\/\/fastforwardscience.de\/wp-content\/uploads\/2018\/09\/vroneplus.MITCredit.jpg\" alt=\"\" width=\"752\" height=\"490\" srcset=\"https:\/\/fastforwardscience.de\/wp-content\/uploads\/2018\/09\/vroneplus.MITCredit.jpg 752w, https:\/\/fastforwardscience.de\/wp-content\/uploads\/2018\/09\/vroneplus.MITCredit-300x195.jpg 300w\" sizes=\"auto, (max-width: 752px) 100vw, 752px\" \/><\/a><\/p>\n<\/body><\/html>\n","protected":false},"excerpt":{"rendered":"<p>Die Welt mit anderen Augen sehen. Darum geht es bei Wissenschaftsvideos im Netz und dazu passt auch der Preis in unserem Gewinnspiel: drei VR ONE Plus Brillen mit Multischale von ZEISS. Vom 14. September bis zum 14. Oktober stellen wir euch in unserem Online-Voting um die Community Awards Montag bis Freitag ein anderes Finalistenvideo vor. [&hellip;]<\/p>\n","protected":false},"author":4,"featured_media":2710,"parent":0,"menu_order":0,"comment_status":"closed","ping_status":"closed","template":"page-templates\/page_multi-section.php","meta":{"_acf_changed":false,"footnotes":""},"class_list":["post-2552","page","type-page","status-publish","has-post-thumbnail","hentry"],"acf":{"sections":[{"acf_fc_layout":"list","type":"simple","title":"So funktioniert das Gewinnspiel","body":"","items":[{"title":"","body":"<p>Verfolgt unseren <a href=\"https:\/\/fastforwardscience.de\/blog\/\">Blog<\/a>. Hier gibt es bis zum 14. Oktober an jedem Werktag eine neue Gewinnspielfrage zum Video des Tages.<\/p>\n"},{"title":"","body":"<p>Seht euch aufmerksam das Video auf YouTube an und findet die richtige Antwort.<\/p>\n"},{"title":"","body":"<p>Schreibt uns eine Mail mit dieser Antwort und erw\u00e4hnt dabei auch den Titel des Videos, zu welchem ihr die Frage beantwortet. Ihr erkl\u00e4rt euch damit zugleich mit den Teilnahmebedingungen des Gewinnspiels einverstanden.<\/p>\n"},{"title":"","body":"<p>Ihr wollt eure Gewinnchancen erh\u00f6hen? Je mehr Fragen ihr richtig beantwortet, desto h\u00e4ufiger seid ihr im gro\u00dfen Lostopf!<\/p>\n"},{"title":"","body":"<p>Hinweis: Pro Gewinnspielfrage und Mail z\u00e4hlt nur eine Antwort. Vermeidet es also am besten, uns am 14. Oktober eine Mail mit 21 Antworten zu senden \ud83d\ude09 (Was ihr allerdings tun k\u00f6nnt: Uns am letzten Tag 21 Mails mit je einer Antwort zu schicken.)<\/p>\n"},{"title":"","body":"<p>Noch Fragen? Schickt uns eine <u>Mail<\/u> oder kontaktiert uns auf den Fast Forward Science Social Media-Kan\u00e4len.<\/p>\n"}]},{"acf_fc_layout":"list","type":"simple","title":"Teilnahmebedingungen ","body":"<ol>\n<li>Veranstalter des Gewinnspiels zum Online-Voting des Webvideo Wettbewerbs Fast Forward Science 2018 ist Wissenschaft im Dialog gGmbH, Charlottenstr. 80, 10117 Berlin.<\/li>\n<li>Die Teilnahme am Gewinnspiel ist kostenlos. Um teilzunehmen, muss der Nutzer mindestens eine richtige Antworte zu einem der Webvideo-Finalisten einsenden.<\/li>\n<li>Der Veranstalter beh\u00e4lt sich vor, TeilnehmerInnen von der Teilnahme am Gewinnspiel aus sachlichen Gr\u00fcnden auszuschlie\u00dfen, insbesondere wenn der Verdacht einer Manipulation des Gewinnspiels besteht.<\/li>\n<li>Wissenschaft im Dialog gGmbH ist berechtigt, insbesondere aus technischen Gr\u00fcnden, die Erreichbarkeit des Gewinnspiels einzuschr\u00e4nken oder f\u00fcr einen vor\u00fcbergehenden Zeitraum auszusetzen. Hieraus resultieren keine Anspr\u00fcche gegen Wissenschaft im Dialog gGmbH.<\/li>\n<li>Das Gewinnspiel \u201eOnline-Voting Fast Forward Science\u201c endet am <strong>14. Oktober 2018 <\/strong>um<strong> 23:59 Uhr<\/strong>.<\/li>\n<li>Teilnehmen d\u00fcrfen ausschlie\u00dflich Personen, welche nachweislich ihren Wohnsitz oder gew\u00f6hnlichen Aufenthalt in Deutschland, \u00d6sterreich oder der Schweiz haben. Bei begr\u00fcndeten Zweifeln am Vorliegen einer Teilnahmevoraussetzung ist Wissenschaft im Dialog gGmbH jederzeit berechtigt eine Teilnehmerin oder einen Teilnehmer ganz oder teilweise vom Gewinnspiel auszuschlie\u00dfen.<\/li>\n<li>Mitarbeiterinnen und Mitarbeiter der Wissenschaft im Dialog gGmbH sowie im Sinne der \u00a7\u00a7 15 ff. AktG mit dieser verbundenen Unternehmen sowie deren Angeh\u00f6rige sind von der Teilnahme ausgeschlossen.<\/li>\n<li>Die Teilnahme \u00fcber einen Dienstleister, insbesondere \u00fcber einen Gewinnspieleintragungsdienst \/ Gewinnspielservice, ist ausgeschlossen. Entsprechendes gilt auch f\u00fcr Gewinnspielclubs, automatisierte Teilnahmen \u00fcber Gewinnspiel-Robots, bei willentlichen Falschangaben und f\u00fcr die Teilnahme unter Verwendung einer sog. \u201eWegwerf E-Mail-Adresse\u201c.<\/li>\n<li>Der Rechtsweg ist ausgeschlossen.<\/li>\n<li>Nicht teilnahmeberechtigte Teilnehmerinnen und Teilnehmer sind nicht gewinnberechtigt. Die Beeinflussung der Chancengleichheit durch technische Manipulation, die \u00dcbermittlung falscher Angaben zur Person oder ein vergleichbar schwerer Versto\u00df (wie bspw. [Mehrfach-] Abstimmung unter Verwendung von \u201eFake- bzw. Multi-Accounts\u201c) f\u00fchren zum \u2013 ggf. nachtr\u00e4glichen \u2013 Ausschluss von der Teilnahme und der Gewinnberechtigung.<\/li>\n<li>Die Gewinnerin bzw. der Gewinner wird durch Los ermittelt und schriftlich ab dem 15. Oktober 2018 \u00fcber den Gewinn sowie \u00fcber das weitere Vorgehen und die Auslieferung des Gewinns benachrichtigt. Der Gewinner hat anschlie\u00dfend acht Wochen Zeit, sich zwecks Kontaktaufnahme bei der Wissenschaft im Dialog gGmbH zu melden. Danach erlischt der Anspruch auf den Gewinn und der Gewinn kann anderweitig vergeben werden. Der Gewinn besteht aus einer Zeiss VR One Brille. Die Abbildung des Ger\u00e4ts ist nicht verbindlich, d.h. der Gewinn kann von der Abbildung und der Beschreibung abweichen. Eine Barauszahlung, die \u00c4nderung und der Ersatz des Gewinns ist weder ganz noch teilweise m\u00f6glich. Eine \u00dcbertragung oder Abtretung des Gewinns auf Dritte ist ebenfalls nicht m\u00f6glich.<\/li>\n<li>Die Wissenschaft im Dialog gGmbH ist nicht f\u00fcr Sach- und Rechtsm\u00e4ngel am Gewinn verantwortlich.<\/li>\n<li>Durch die Teilnahme erkl\u00e4ren Sie sich einverstanden, dass Ihre Daten (E-Mail-Adresse) von der Wissenschaft im Dialog gGmbH zur Durchf\u00fchrung des Gewinnspiels \u201eOnline-Voting Fast Forward Science 2018\u201c erhoben, verarbeitet, gespeichert und genutzt werden d\u00fcrfen. Eine dar\u00fcberhinausgehende Weitergabe an Dritte erfolgt nicht. Weitere Informationen dazu finden Sie in unserer <a href=\"https:\/\/fastforwardscience.de\/datenschutz\/\">Datenschutzerkl\u00e4rung<\/a>.<\/li>\n<li>F\u00fcr Datenverluste, insbesondere im Wege der Daten\u00fcbertragung, und andere technische Defekte wird keine Haftung \u00fcbernommen.<\/li>\n<\/ol>\n","items":false}]},"_links":{"self":[{"href":"https:\/\/fastforwardscience.de\/en\/wp-json\/wp\/v2\/pages\/2552","targetHints":{"allow":["GET"]}}],"collection":[{"href":"https:\/\/fastforwardscience.de\/en\/wp-json\/wp\/v2\/pages"}],"about":[{"href":"https:\/\/fastforwardscience.de\/en\/wp-json\/wp\/v2\/types\/page"}],"author":[{"embeddable":true,"href":"https:\/\/fastforwardscience.de\/en\/wp-json\/wp\/v2\/users\/4"}],"replies":[{"embeddable":true,"href":"https:\/\/fastforwardscience.de\/en\/wp-json\/wp\/v2\/comments?post=2552"}],"version-history":[{"count":9,"href":"https:\/\/fastforwardscience.de\/en\/wp-json\/wp\/v2\/pages\/2552\/revisions"}],"predecessor-version":[{"id":2712,"href":"https:\/\/fastforwardscience.de\/en\/wp-json\/wp\/v2\/pages\/2552\/revisions\/2712"}],"wp:featuredmedia":[{"embeddable":true,"href":"https:\/\/fastforwardscience.de\/en\/wp-json\/wp\/v2\/media\/2710"}],"wp:attachment":[{"href":"https:\/\/fastforwardscience.de\/en\/wp-json\/wp\/v2\/media?parent=2552"}],"curies":[{"name":"wp","href":"https:\/\/api.w.org\/{rel}","templated":true}]}}