{"id":11015,"date":"2026-03-25T10:41:31","date_gmt":"2026-03-25T09:41:31","guid":{"rendered":"https:\/\/fastforwardscience.de\/?page_id=11015"},"modified":"2026-04-01T11:01:31","modified_gmt":"2026-04-01T09:01:31","slug":"fast-forward-energiewende","status":"publish","type":"page","link":"https:\/\/fastforwardscience.de\/en\/fast-forward-energiewende\/","title":{"rendered":"Fast Forward Energiewende &#8211; Creation Lab"},"content":{"rendered":"<!DOCTYPE html PUBLIC \"-\/\/W3C\/\/DTD HTML 4.0 Transitional\/\/EN\" \"http:\/\/www.w3.org\/TR\/REC-html40\/loose.dtd\">\n<?xml encoding=\"utf-8\" ?><html><body><p><span style=\"font-weight: 400;\">Forschung zur Energiewende ist zentral und gleichzeitig oft schwer zug&auml;nglich. Genau hier setzt das Fast Forward Energiewende Creation Lab an: Wir bringen junge Forschende zusammen, die ihre Themen aus der Fachcommunity heraus und in die &Ouml;ffentlichkeit tragen wollen.<\/span><\/p>\n<p><span style=\"font-weight: 400;\">Du arbeitest zur Energiewende und m&ouml;chtest mehr Menschen erreichen? Du willst verstehen, wie Inhalte auf Plattformen wie Instagram, TikTok oder YouTube funktionieren und deine Forschung so aufbereiten, dass sie dort wirklich ankommt? Dann bist du hier richtig.<\/span><\/p>\n<p><span style=\"font-weight: 400;\">In einem dreit&auml;gigen Pr&auml;senz-Workshop in Berlin entwickelst du gemeinsam mit anderen Teilnehmenden und erfahrenen Science Creator*innen ein eigenes Video zu deiner Forschung &ndash; von der ersten Idee bis zur konkreten Umsetzung.<\/span><\/p>\n<p><img loading=\"lazy\" decoding=\"async\" class=\"size-medium wp-image-11055 aligncenter\" src=\"https:\/\/fastforwardscience.de\/wp-content\/uploads\/2026\/04\/26_FFE-MMV-Share-Pic-300x293.png\" alt=\"\" width=\"300\" height=\"293\" srcset=\"https:\/\/fastforwardscience.de\/wp-content\/uploads\/2026\/04\/26_FFE-MMV-Share-Pic-300x293.png 300w, https:\/\/fastforwardscience.de\/wp-content\/uploads\/2026\/04\/26_FFE-MMV-Share-Pic-1024x999.png 1024w, https:\/\/fastforwardscience.de\/wp-content\/uploads\/2026\/04\/26_FFE-MMV-Share-Pic-768x750.png 768w, https:\/\/fastforwardscience.de\/wp-content\/uploads\/2026\/04\/26_FFE-MMV-Share-Pic.png 1080w\" sizes=\"auto, (max-width: 300px) 100vw, 300px\" \/><\/p>\n<\/body><\/html>\n","protected":false},"excerpt":{"rendered":"<p>Forschung zur Energiewende ist zentral und gleichzeitig oft schwer zug&auml;nglich. Genau hier setzt das Fast Forward Energiewende Creation Lab an: Wir bringen junge Forschende zusammen, die ihre Themen aus der Fachcommunity heraus und in die &Ouml;ffentlichkeit tragen wollen. Du arbeitest zur Energiewende und m&ouml;chtest mehr Menschen erreichen? Du willst verstehen, wie Inhalte auf Plattformen wie [&hellip;]<\/p>\n","protected":false},"author":25,"featured_media":0,"parent":0,"menu_order":0,"comment_status":"closed","ping_status":"closed","template":"page-templates\/page_multi-section.php","meta":{"_acf_changed":false,"footnotes":""},"class_list":["post-11015","page","type-page","status-publish","hentry"],"acf":{"description":"","sections":[{"acf_fc_layout":"list","type":"cards","title":"Worum es geht","body":"<p><span style=\"font-weight: 400;\">Die Energiewende geh\u00f6rt zu den wichtigsten Herausforderungen unserer Zeit. Gleichzeitig ist sie gepr\u00e4gt von Komplexit\u00e4t, Unsicherheiten und widerspr\u00fcchlichen Informationen. Viele Menschen interessieren sich f\u00fcr das Thema, sto\u00dfen aber schnell an Grenzen, wenn es um verst\u00e4ndliche Einordnung geht.<\/span><\/p>\n<p><span style=\"font-weight: 400;\">Im Creation Lab arbeitest du daran, genau diese L\u00fccke zu schlie\u00dfen: Du lernst, deine Forschung klar zu erkl\u00e4ren, einzuordnen und in Inhalte zu \u00fcbersetzen, die auch au\u00dferhalb der Wissenschaft verstanden werden.<\/span><\/p>\n","items":false},{"acf_fc_layout":"list","type":"cards","title":"Was dich erwartet","body":"<p><span style=\"font-weight: 400;\">Drei Tage intensives Arbeiten, Ausprobieren und Weiterdenken:<\/span><span style=\"font-weight: 400;\"><br \/>\n<\/span><span style=\"font-weight: 400;\">Du entwickelst Schritt f\u00fcr Schritt dein eigenes Videoformat und setzt deine Idee direkt praktisch um.<\/span><\/p>\n<p><span style=\"font-weight: 400;\">Dabei besch\u00e4ftigst du dich mit Storytelling, Dramaturgie, Plattform-Logiken und Zielgruppen. Du bekommst Einblicke in die Arbeitsweise erfolgreicher Science Creator*innen und erh\u00e4ltst kontinuierlich Feedback zu Inhalt, Aufbau und Umsetzung.<\/span><\/p>\n<p><span style=\"font-weight: 400;\">Der Fokus liegt auf Praxis: Am Ende hast du nicht nur neue Skills, sondern auch ein konkretes Ergebnis.<\/span><\/p>\n","items":false},{"acf_fc_layout":"list","type":"cards","title":"Was du mitnimmst","body":"<p><span style=\"font-weight: 400;\">Du gehst mit einem fertigen oder weit ausgearbeiteten Video zu deiner Forschung und mit dem Know-how, eigenst\u00e4ndig weitere Inhalte zu produzieren.<\/span><\/p>\n<p><span style=\"font-weight: 400;\">Gleichzeitig gewinnst du Sicherheit darin, komplexe Themen verst\u00e4ndlich zu kommunizieren, und vernetzt dich mit anderen Forschenden, die ihre Arbeit sichtbar machen wollen.<\/span><\/p>\n","items":false},{"acf_fc_layout":"list","type":"cards","title":"Wen wir suchen","body":"<p><span style=\"font-weight: 400;\">Studierende, Promovierende und Postdocs aus Disziplinen mit Bezug zur Energiewende.<\/span><\/p>\n<p><span style=\"font-weight: 400;\">Wichtig ist vor allem: Neugier, Offenheit und die Bereitschaft, Neues auszuprobieren. Du musst keine Vorerfahrung mit Social Media oder Videoproduktion haben. Entscheidend ist dein Interesse an Wissenschaftskommunikation.<\/span><\/p>\n<p><span style=\"font-weight: 400;\">Bewerber*innen des Sonderpreises Energie von Fast Forward Science 25 werden bei der Auswahl besonders ber\u00fccksichtigt.<\/span><\/p>\n<p>Der Workshop wird auf Deutsch gehalten, gute Deutschkenntnisse sind demnach notwendig. Das fertige Video kann aber entweder auf Deutsch oder Englisch mit deutschen Untertiteln ver\u00f6ffentlicht werden.<\/p>\n","items":false},{"acf_fc_layout":"list","type":"timeline","title":"Zeitplan","body":"","items":[{"title":"01. April -10. Mai 2026","body":"<p>Bewerbungszeitraum: Nutze das Bewerbungsformular weiter unten, um um dich f\u00fcr das Fast Forward Energiewende &#8211; Creation Lab zu bewerben<\/p>\n"},{"title":"10. Mai - 18. Mai 2026","body":"<p>Die Teilnehmenden werden aus den Bewerbern ausgew\u00e4hlt<\/p>\n"},{"title":"18. Mai - 30. Mai 2026","body":"<p>Die Teilnehmenden erhalten Einladungen via E-Mail. Sollte eine Person verhindert sein, werden Nachr\u00fccker informiert.<\/p>\n"},{"title":"16. Juni - 18. Juni 2026","body":"<p>Das Fast Forward Energiewende Creation Lab findet in Berlin als Pr\u00e4senzworkshop statt.<\/p>\n"},{"title":"Juli - Dezember 2026","body":"<p>In regelm\u00e4\u00dfigen Online Meetings sprechen wir \u00fcber Postproduktionsschritte, Tipps oder Herausforderungen.<\/p>\n"}]},{"acf_fc_layout":"list","type":"cards","title":"Jetzt bewerben","body":"<p><span style=\"font-weight: 400;\">Hol deine Forschung aus der Nische und bring sie dahin, wo sie gesehen wird.<\/span><span style=\"font-weight: 400;\"><br \/>\n<\/span><span style=\"font-weight: 400;\"> Wir freuen uns auf deine Bewerbung!<\/span><\/p>\n<p>&nbsp;<\/p>\n<p><a href=\"https:\/\/fastforwardscience.de\/en\/fast-forward-energiewende-bewerben\/\">Hier findest du das Bewerbungsformular<\/a>!<\/p>\n","items":false}]},"_links":{"self":[{"href":"https:\/\/fastforwardscience.de\/en\/wp-json\/wp\/v2\/pages\/11015","targetHints":{"allow":["GET"]}}],"collection":[{"href":"https:\/\/fastforwardscience.de\/en\/wp-json\/wp\/v2\/pages"}],"about":[{"href":"https:\/\/fastforwardscience.de\/en\/wp-json\/wp\/v2\/types\/page"}],"author":[{"embeddable":true,"href":"https:\/\/fastforwardscience.de\/en\/wp-json\/wp\/v2\/users\/25"}],"replies":[{"embeddable":true,"href":"https:\/\/fastforwardscience.de\/en\/wp-json\/wp\/v2\/comments?post=11015"}],"version-history":[{"count":20,"href":"https:\/\/fastforwardscience.de\/en\/wp-json\/wp\/v2\/pages\/11015\/revisions"}],"predecessor-version":[{"id":11058,"href":"https:\/\/fastforwardscience.de\/en\/wp-json\/wp\/v2\/pages\/11015\/revisions\/11058"}],"wp:attachment":[{"href":"https:\/\/fastforwardscience.de\/en\/wp-json\/wp\/v2\/media?parent=11015"}],"curies":[{"name":"wp","href":"https:\/\/api.w.org\/{rel}","templated":true}]}}